{"id":484,"date":"2025-11-26T23:46:10","date_gmt":"2025-11-26T23:46:10","guid":{"rendered":"http:\/\/guerreirocreative.pt\/home\/"},"modified":"2025-11-30T01:48:48","modified_gmt":"2025-11-30T01:48:48","slug":"home","status":"publish","type":"page","link":"https:\/\/guerreirocreative.pt\/","title":{"rendered":"P\u00e1gina Inicial"},"content":{"rendered":"\n<div class=\"wp-block-uagb-container uagb-block-cfb64d3f alignfull uagb-is-root-container\"><div class=\"uagb-container-inner-blocks-wrap\">\n<div class=\"wp-block-uagb-info-box uagb-block-7b15afa6 uagb-infobox__content-wrap  uagb-infobox-icon-above-title uagb-infobox-image-valign-top\"><div class=\"uagb-ifb-content\"><div class=\"uagb-ifb-title-wrap\"><h6 class=\"uagb-ifb-title-prefix\">Essenciais Casuais<\/h6><h1 class=\"uagb-ifb-title\">Estilo que te acompanha todos os dias.<\/h1><\/div><p class=\"uagb-ifb-desc\">Essenciais que equilibram conforto e estilo com naturalidade. Pe\u00e7as vers\u00e1teis, feitas para acompanhar o teu dia a dia.<\/p><\/div><\/div>\n\n\n\n<div class=\"wp-block-uagb-buttons uagb-buttons__outer-wrap uagb-btn__default-btn uagb-btn-tablet__default-btn uagb-btn-mobile__default-btn uagb-block-42099ff7\"><div class=\"uagb-buttons__wrap uagb-buttons-layout-wrap \">\n<div class=\"wp-block-uagb-buttons-child uagb-buttons__outer-wrap uagb-block-2e5d152a wp-block-button\"><div class=\"uagb-button__wrapper\"><a class=\"uagb-buttons-repeater ast-outline-button\" aria-label=\"\" style=\"border-width:revert-layer\" href=\"https:\/\/guerreirocreative.pt\/shop-2\/\" rel=\"follow noopener\" target=\"_self\" role=\"button\"><div class=\"uagb-button__link\">Descobrir Cole\u00e7\u00e3o<\/div><\/a><\/div><\/div>\n<\/div><\/div>\n<\/div><\/div>\n\n\n\n<div class=\"wp-block-uagb-container uagb-block-bc4a7f45 alignfull uagb-is-root-container\"><div class=\"uagb-container-inner-blocks-wrap\">\n<div class=\"wp-block-uagb-advanced-heading uagb-block-e3aace6b\"><h2 class=\"uagb-heading-text\">Favoritos<\/h2><\/div>\n\n\n<\/div><\/div>\n\n\n\n<div class=\"wp-block-uagb-container uagb-block-7069addd alignfull uagb-is-root-container\"><div class=\"uagb-container-inner-blocks-wrap\">\n<div class=\"wp-block-uagb-container uagb-block-81619cd3\">\n<div class=\"wp-block-uagb-info-box uagb-block-6be77d18 uagb-infobox__content-wrap  uagb-infobox-icon-above-title uagb-infobox-image-valign-top\"><div class=\"uagb-ifb-content\"><div class=\"uagb-ifb-image-content\"><img decoding=\"async\" src=\"https:\/\/guerreirocreative.pt\/wp-content\/uploads\/2025\/11\/IMG_1357-scaled.png\" alt=\"\" width=\"\" height=\"0\" loading=\"lazy\"\/><\/div><div class=\"uagb-ifb-title-wrap\"><h3 class=\"uagb-ifb-title\">Sweats essenciais \u2014 feitas para quem valoriza qualidade, conforto e detalhe<\/h3><\/div><\/div><\/div>\n\n\n\n<div class=\"wp-block-uagb-buttons uagb-buttons__outer-wrap uagb-btn__default-btn uagb-btn-tablet__default-btn uagb-btn-mobile__default-btn uagb-block-dbe55eb7\"><div class=\"uagb-buttons__wrap uagb-buttons-layout-wrap \">\n<div class=\"wp-block-uagb-buttons-child uagb-buttons__outer-wrap uagb-block-1c96e080 wp-block-button\"><div class=\"uagb-button__wrapper\"><a class=\"uagb-buttons-repeater ast-outline-button\" aria-label=\"\" style=\"border-width:revert-layer\" href=\"https:\/\/guerreirocreative.pt\/product-category\/sweathirts\/\" rel=\"follow noopener\" target=\"_self\" role=\"button\"><div class=\"uagb-button__link\">Descobrir Cole\u00e7\u00e3o<\/div><\/a><\/div><\/div>\n<\/div><\/div>\n<\/div>\n<\/div><\/div>\n\n\n\n<div class=\"wp-block-uagb-container uagb-block-ebc3f7a3 alignfull uagb-is-root-container\"><div class=\"uagb-container-inner-blocks-wrap\">\n<div class=\"wp-block-uagb-container uagb-block-8a6700e2\">\n<div class=\"wp-block-uagb-info-box uagb-block-932c7907 uagb-infobox__content-wrap  uagb-infobox-icon-above-title uagb-infobox-image-valign-top\"><div class=\"uagb-ifb-content\"><div class=\"uagb-ifb-title-wrap\"><h6 class=\"uagb-ifb-title-prefix\">Treino &amp; Movimento<\/h6><h2 class=\"uagb-ifb-title\">Cole\u00e7\u00e3o Treino &amp; Movimento<\/h2><\/div><p class=\"uagb-ifb-desc\">Treino &amp; Movimento: pe\u00e7as t\u00e9cnicas e confort\u00e1veis, criadas para te acompanhar em qualquer ritmo.<\/p><div class=\"uagb-ifb-button-wrapper wp-block-button\"><a href=\"https:\/\/guerreirocreative.pt\/product-category\/hoodies\/\" class=\"uagb-infobox-cta-link wp-block-button__link\" target=\"_self\" rel=\"noopener noreferrer\" onclick=\"return true;\"><span class=\"uagb-inline-editing\">Ver Cole\u00e7\u00e3o<\/span><\/a><\/div><\/div><\/div>\n<\/div>\n<\/div><\/div>\n\n\n\n<div class=\"wp-block-uagb-container uagb-block-03daffa8 alignfull uagb-is-root-container\"><div class=\"uagb-container-inner-blocks-wrap\">\n<div class=\"wp-block-uagb-info-box uagb-block-3625f0bd uagb-infobox__content-wrap  uagb-infobox-icon-above-title uagb-infobox-image-valign-top wp-block-uagb-info-box--has-margin\"><div class=\"uagb-infobox-margin-wrapper\"><div class=\"uagb-ifb-content\"><div class=\"uagb-ifb-image-content\"><img decoding=\"async\" src=\"https:\/\/guerreirocreative.pt\/wp-content\/uploads\/2025\/11\/ce9d1a0f-aa86-4880-824b-ee59af362808.jpeg\" alt=\"\" width=\"\" height=\"0\" loading=\"lazy\"\/><\/div><div class=\"uagb-ifb-title-wrap\"><h3 class=\"uagb-ifb-title\">Personaliza o teu saco de desporto e destaca-te com estilo.<\/h3><\/div><p class=\"uagb-ifb-desc\">Entra no universo dos sacos de desporto personalizados! Explora a cole\u00e7\u00e3o e cria a pe\u00e7a que combina contigo.<\/p><\/div><\/div><\/div>\n\n\n\n<div class=\"wp-block-uagb-buttons uagb-buttons__outer-wrap uagb-btn__default-btn uagb-btn-tablet__default-btn uagb-btn-mobile__default-btn uagb-block-dedaf971\"><div class=\"uagb-buttons__wrap uagb-buttons-layout-wrap \">\n<div class=\"wp-block-uagb-buttons-child uagb-buttons__outer-wrap uagb-block-2aaae619 wp-block-button\"><div class=\"uagb-button__wrapper\"><a class=\"uagb-buttons-repeater ast-outline-button\" aria-label=\"\" style=\"border-width:revert-layer\" href=\"https:\/\/guerreirocreative.pt\/product-category\/sacos-transporte\/\" rel=\"follow noopener\" target=\"_self\" role=\"button\"><div class=\"uagb-button__link\">Personalizar Agora<\/div><\/a><\/div><\/div>\n<\/div><\/div>\n<\/div><\/div>\n\n\n\n<div class=\"wp-block-uagb-container uagb-block-f0a60034 alignfull uagb-is-root-container\"><div class=\"uagb-container-inner-blocks-wrap\">\n<div class=\"wp-block-uagb-advanced-heading uagb-block-8c0c05ae\"><h2 class=\"uagb-heading-text\">Novos Lan\u00e7amentos<\/h2><\/div>\n\n\n<div class=\"woocommerce columns-4 \"><\/div>\n<\/div><\/div>\n\n\n\n<div class=\"wp-block-uagb-container uagb-block-b5e9cca3 alignfull uagb-is-root-container\"><div class=\"uagb-container-inner-blocks-wrap\">\n<div class=\"wp-block-uagb-star-rating uagb-block-dd5a61e0\"><div class=\"uag-star-rating\" title=\"5\/5\"><span class=\"uag-star\">\u2605<\/span><span class=\"uag-star\">\u2605<\/span><span class=\"uag-star\">\u2605<\/span><span class=\"uag-star\">\u2605<\/span><span class=\"uag-star\">\u2605<\/span><\/div><\/div>\n\n\n\n<div class=\"wp-block-uagb-info-box uagb-block-c8403be6 uagb-infobox__content-wrap  uagb-infobox-icon-above-title uagb-infobox-image-valign-top\"><div class=\"uagb-ifb-content\"><div class=\"uagb-ifb-title-wrap\"><h4 class=\"uagb-ifb-title-prefix\"><strong>\u201cTenho comprado v\u00e1rias vezes na Guerreiro Creative e nunca desilude. Qualidade top, estilos muito bem escolhidos e atendimento impec\u00e1vel. Recomendo!<\/strong>\u201d<\/h4><h6 class=\"uagb-ifb-title\">Marta F.<\/h6><\/div><\/div><\/div>\n<\/div><\/div>\n\n\n\n<div class=\"wp-block-uagb-container uagb-block-c8ab3af7 alignfull uagb-is-root-container\"><div class=\"uagb-container-inner-blocks-wrap\">\n<div class=\"wp-block-uagb-container uagb-block-f48125d2\">\n<div class=\"wp-block-uagb-info-box uagb-block-bfdb496d uagb-infobox__content-wrap  uagb-infobox-icon-above-title uagb-infobox-image-valign-top\"><div class=\"uagb-ifb-content\"><div class=\"uagb-ifb-icon-wrap\"><svg xmlns=\"https:\/\/www.w3.org\/2000\/svg\" viewBox=\"0 0 448 512\"><path d=\"M80 192V144C80 64.47 144.5 0 224 0C303.5 0 368 64.47 368 144V192H384C419.3 192 448 220.7 448 256V448C448 483.3 419.3 512 384 512H64C28.65 512 0 483.3 0 448V256C0 220.7 28.65 192 64 192H80zM144 192H304V144C304 99.82 268.2 64 224 64C179.8 64 144 99.82 144 144V192z\"><\/path><\/svg><\/div><div class=\"uagb-ifb-title-wrap\"><h4 class=\"uagb-ifb-title\"><strong><em>Pagamentos Seguros<\/em><\/strong><\/h4><\/div><p class=\"uagb-ifb-desc\"><strong>Compra com confian\u00e7a \u2014 todas as transa\u00e7\u00f5es s\u00e3o protegidas com seguran\u00e7a avan\u00e7ada.<\/strong><br><\/p><\/div><\/div>\n<\/div>\n\n\n\n<div class=\"wp-block-uagb-container uagb-block-a665a80d\">\n<div class=\"wp-block-uagb-info-box uagb-block-d7b8dac9 uagb-infobox__content-wrap  uagb-infobox-icon-above-title uagb-infobox-image-valign-top\"><div class=\"uagb-ifb-content\"><div class=\"uagb-ifb-icon-wrap\"><svg xmlns=\"https:\/\/www.w3.org\/2000\/svg\" viewBox=\"0 0 640 512\"><path d=\"M368 0C394.5 0 416 21.49 416 48V96H466.7C483.7 96 499.1 102.7 512 114.7L589.3 192C601.3 204 608 220.3 608 237.3V352C625.7 352 640 366.3 640 384C640 401.7 625.7 416 608 416H576C576 469 533 512 480 512C426.1 512 384 469 384 416H256C256 469 213 512 160 512C106.1 512 64 469 64 416H48C21.49 416 0 394.5 0 368V48C0 21.49 21.49 0 48 0H368zM416 160V256H544V237.3L466.7 160H416zM160 368C133.5 368 112 389.5 112 416C112 442.5 133.5 464 160 464C186.5 464 208 442.5 208 416C208 389.5 186.5 368 160 368zM480 464C506.5 464 528 442.5 528 416C528 389.5 506.5 368 480 368C453.5 368 432 389.5 432 416C432 442.5 453.5 464 480 464z\"><\/path><\/svg><\/div><div class=\"uagb-ifb-title-wrap\"><h4 class=\"uagb-ifb-title\"><strong><em><strong><em>Envio Gr\u00e1tis<\/em><\/strong><\/em><\/strong><\/h4><\/div><p class=\"uagb-ifb-desc\">Aproveita envio gratuito em encomendas acima de 50\u20ac. Compra sem custos adicionais.<\/p><\/div><\/div>\n<\/div>\n\n\n\n<div class=\"wp-block-uagb-container uagb-block-e0e2cfc3\">\n<div class=\"wp-block-uagb-info-box uagb-block-4d743a92 uagb-infobox__content-wrap  uagb-infobox-icon-above-title uagb-infobox-image-valign-top\"><div class=\"uagb-ifb-content\"><div class=\"uagb-ifb-icon-wrap\"><svg xmlns=\"https:\/\/www.w3.org\/2000\/svg\" viewBox=\"0 0 512 512\"><path d=\"M480 256c0 123.4-100.5 223.9-223.9 223.9c-48.86 0-95.19-15.58-134.2-44.86c-14.14-10.59-17-30.66-6.391-44.81c10.61-14.09 30.69-16.97 44.8-6.375c27.84 20.91 61 31.94 95.89 31.94C344.3 415.8 416 344.1 416 256s-71.67-159.8-159.8-159.8C205.9 96.22 158.6 120.3 128.6 160H192c17.67 0 32 14.31 32 32S209.7 224 192 224H48c-17.67 0-32-14.31-32-32V48c0-17.69 14.33-32 32-32s32 14.31 32 32v70.23C122.1 64.58 186.1 32.11 256.1 32.11C379.5 32.11 480 132.6 480 256z\"><\/path><\/svg><\/div><div class=\"uagb-ifb-title-wrap\"><h4 class=\"uagb-ifb-title\"><strong><em>Devolu\u00e7\u00f5es Sem Complica\u00e7\u00f5es<\/em><\/strong><\/h4><\/div><p class=\"uagb-ifb-desc\"><strong>Torna a tua devolu\u00e7\u00e3o f\u00e1cil e pr\u00e1tica, sempre que precisares.<\/strong><\/p><\/div><\/div>\n<\/div>\n\n\n\n<div class=\"wp-block-uagb-container uagb-block-086b7f65\">\n<div class=\"wp-block-uagb-info-box uagb-block-9f4429d6 uagb-infobox__content-wrap  uagb-infobox-icon-above-title uagb-infobox-image-valign-top\"><div class=\"uagb-ifb-content\"><div class=\"uagb-ifb-icon-wrap\"><svg xmlns=\"https:\/\/www.w3.org\/2000\/svg\" viewBox=\"0 0 320 512\"><path d=\"M320 144C320 223.5 255.5 288 176 288C96.47 288 32 223.5 32 144C32 64.47 96.47 0 176 0C255.5 0 320 64.47 320 144zM192 64C192 55.16 184.8 48 176 48C122.1 48 80 90.98 80 144C80 152.8 87.16 160 96 160C104.8 160 112 152.8 112 144C112 108.7 140.7 80 176 80C184.8 80 192 72.84 192 64zM144 480V317.1C154.4 319 165.1 319.1 176 319.1C186.9 319.1 197.6 319 208 317.1V480C208 497.7 193.7 512 176 512C158.3 512 144 497.7 144 480z\"><\/path><\/svg><\/div><div class=\"uagb-ifb-title-wrap\"><h4 class=\"uagb-ifb-title\"><strong><em>Acompanhamento de Encomendas<\/em><\/strong><\/h4><\/div><p class=\"uagb-ifb-desc\"><strong>Segue o estado da tua encomenda em cada etapa \u2014 desde o checkout at\u00e9 \u00e0 entrega.<\/strong><\/p><\/div><\/div>\n<\/div>\n<\/div><\/div>\n\n\n\n<div class=\"wp-block-uagb-container uagb-block-ccc4e980 alignfull uagb-is-root-container\"><div class=\"uagb-container-inner-blocks-wrap\">\n<div class=\"wp-block-uagb-container uagb-block-9aa8d9e0\">\n<div class=\"wp-block-uagb-info-box uagb-block-d1091790 uagb-infobox__content-wrap  uagb-infobox-icon-above-title uagb-infobox-image-valign-top\"><div class=\"uagb-ifb-content\"><div class=\"uagb-ifb-title-wrap\"><h6 class=\"uagb-ifb-title-prefix\">Descobrir Mais<\/h6><h2 class=\"uagb-ifb-title\">Escolhe pe\u00e7as que elevam o teu dia \u2014 com eleg\u00e2ncia que dura.<\/h2><\/div><p class=\"uagb-ifb-desc\">Explora as nossas cole\u00e7\u00f5es e descobre pe\u00e7as que elevam o teu estilo. Encontra a sofistica\u00e7\u00e3o que faz a diferen\u00e7a.<\/p><\/div><\/div>\n\n\n\n<div class=\"wp-block-uagb-buttons uagb-buttons__outer-wrap uagb-btn__default-btn uagb-btn-tablet__default-btn uagb-btn-mobile__default-btn uagb-block-181e40e0\"><div class=\"uagb-buttons__wrap uagb-buttons-layout-wrap \">\n<div class=\"wp-block-uagb-buttons-child uagb-buttons__outer-wrap uagb-block-4687be33 wp-block-button\"><div class=\"uagb-button__wrapper\"><a class=\"uagb-buttons-repeater ast-outline-button\" aria-label=\"\" style=\"border-width:revert-layer\" href=\"https:\/\/guerreirocreative.pt\/product-category\/t-shirt\/\" rel=\"follow noopener\" target=\"_self\" role=\"button\"><div class=\"uagb-button__link\">Ver Cole\u00e7\u00e3o<\/div><\/a><\/div><\/div>\n<\/div><\/div>\n<\/div>\n<\/div><\/div>\n","protected":false},"excerpt":{"rendered":"<p>Favoritos Novos Lan\u00e7amentos<\/p>\n","protected":false},"author":1,"featured_media":0,"parent":0,"menu_order":0,"comment_status":"closed","ping_status":"closed","template":"","meta":{"_uag_custom_page_level_css":"","site-sidebar-layout":"default","site-content-layout":"","ast-site-content-layout":"default","site-content-style":"default","site-sidebar-style":"default","ast-global-header-display":"","ast-banner-title-visibility":"","ast-main-header-display":"","ast-hfb-above-header-display":"","ast-hfb-below-header-display":"","ast-hfb-mobile-header-display":"","site-post-title":"disabled","ast-breadcrumbs-content":"","ast-featured-img":"","footer-sml-layout":"","ast-disable-related-posts":"","theme-transparent-header-meta":"enabled","adv-header-id-meta":"","stick-header-meta":"","header-above-stick-meta":"","header-main-stick-meta":"","header-below-stick-meta":"","astra-migrate-meta-layouts":"default","ast-page-background-enabled":"default","ast-page-background-meta":{"desktop":{"background-color":"var(--ast-global-color-4)","background-image":"","background-repeat":"repeat","background-position":"center center","background-size":"auto","background-attachment":"scroll","background-type":"","background-media":"","overlay-type":"","overlay-color":"","overlay-opacity":"","overlay-gradient":""},"tablet":{"background-color":"","background-image":"","background-repeat":"repeat","background-position":"center center","background-size":"auto","background-attachment":"scroll","background-type":"","background-media":"","overlay-type":"","overlay-color":"","overlay-opacity":"","overlay-gradient":""},"mobile":{"background-color":"","background-image":"","background-repeat":"repeat","background-position":"center center","background-size":"auto","background-attachment":"scroll","background-type":"","background-media":"","overlay-type":"","overlay-color":"","overlay-opacity":"","overlay-gradient":""}},"ast-content-background-meta":{"desktop":{"background-color":"var(--ast-global-color-5)","background-image":"","background-repeat":"repeat","background-position":"center center","background-size":"auto","background-attachment":"scroll","background-type":"","background-media":"","overlay-type":"","overlay-color":"","overlay-opacity":"","overlay-gradient":""},"tablet":{"background-color":"var(--ast-global-color-5)","background-image":"","background-repeat":"repeat","background-position":"center center","background-size":"auto","background-attachment":"scroll","background-type":"","background-media":"","overlay-type":"","overlay-color":"","overlay-opacity":"","overlay-gradient":""},"mobile":{"background-color":"var(--ast-global-color-5)","background-image":"","background-repeat":"repeat","background-position":"center center","background-size":"auto","background-attachment":"scroll","background-type":"","background-media":"","overlay-type":"","overlay-color":"","overlay-opacity":"","overlay-gradient":""}},"footnotes":""},"class_list":["post-484","page","type-page","status-publish","hentry"],"uagb_featured_image_src":{"full":false,"thumbnail":false,"medium":false,"medium_large":false,"large":false,"1536x1536":false,"2048x2048":false,"woocommerce_thumbnail":false,"woocommerce_single":false,"woocommerce_gallery_thumbnail":false},"uagb_author_info":{"display_name":"guerreirocreative@gmail.com","author_link":"https:\/\/guerreirocreative.pt\/?author=1"},"uagb_comment_info":0,"uagb_excerpt":"Favoritos Novos Lan\u00e7amentos","_links":{"self":[{"href":"https:\/\/guerreirocreative.pt\/index.php?rest_route=\/wp\/v2\/pages\/484","targetHints":{"allow":["GET"]}}],"collection":[{"href":"https:\/\/guerreirocreative.pt\/index.php?rest_route=\/wp\/v2\/pages"}],"about":[{"href":"https:\/\/guerreirocreative.pt\/index.php?rest_route=\/wp\/v2\/types\/page"}],"author":[{"embeddable":true,"href":"https:\/\/guerreirocreative.pt\/index.php?rest_route=\/wp\/v2\/users\/1"}],"replies":[{"embeddable":true,"href":"https:\/\/guerreirocreative.pt\/index.php?rest_route=%2Fwp%2Fv2%2Fcomments&post=484"}],"version-history":[{"count":15,"href":"https:\/\/guerreirocreative.pt\/index.php?rest_route=\/wp\/v2\/pages\/484\/revisions"}],"predecessor-version":[{"id":2376,"href":"https:\/\/guerreirocreative.pt\/index.php?rest_route=\/wp\/v2\/pages\/484\/revisions\/2376"}],"wp:attachment":[{"href":"https:\/\/guerreirocreative.pt\/index.php?rest_route=%2Fwp%2Fv2%2Fmedia&parent=484"}],"curies":[{"name":"wp","href":"https:\/\/api.w.org\/{rel}","templated":true}]}}